{"id":6664,"date":"2018-09-23T16:45:53","date_gmt":"2018-09-23T14:45:53","guid":{"rendered":"https:\/\/ingridlibra.com\/wpx\/?page_id=6664"},"modified":"2018-10-08T07:42:53","modified_gmt":"2018-10-08T05:42:53","slug":"riflessi","status":"publish","type":"page","link":"https:\/\/ingridlibra.com\/wpx\/metodo-libra\/riflessi\/","title":{"rendered":"RIFLESSI"},"content":{"rendered":"<p><section   class=\"fw-main-row-custom fw-main-row-top fw-section-no-padding  auto  fw-section-position-back tf-sh-c7602028b28bca9d6681c53c8bf19997 main_slider\"  style=\" background-color:#ebebeb;\"  >\n\t\t\t<div class=\"fw-container-fluid\" >\n\t\t<div class=\"fw-row\">\n\t<div id=\"column-6a0955e7cde67\" class=\"fw-tablet-hide-element fw-col-sm-12 fw-mobile-hide-element tf-sh-061645010aef589e7243aa9f1219d890 rev-slider fw-col-no-padding\" >\n\t<div class=\"fw-wrap-col-inner clearfix  \"   >\n\t\t\t\t<div class=\"fw-col-inner\">\n\t\t\t\n<div id=\"rev_slider_13_1_wrapper\" class=\"rev_slider_wrapper fullwidthbanner-container\" data-source=\"gallery\" style=\"margin:0px auto;background:#1d1d1d;padding:0px;margin-top:0px;margin-bottom:0px;\">\n<!-- START REVOLUTION SLIDER 5.4.8 fullwidth mode -->\n\t<div id=\"rev_slider_13_1\" class=\"rev_slider fullwidthabanner tp-overflow-hidden\" style=\"display:none;\" data-version=\"5.4.8\">\n<ul>\t<!-- SLIDE  -->\n\t<li data-index=\"rs-135\" data-transition=\"fade\" data-slotamount=\"default\" data-hideafterloop=\"0\" data-hideslideonmobile=\"off\"  data-easein=\"Linear.easeNone\" data-easeout=\"Linear.easeNone\" data-masterspeed=\"1000\"  data-thumb=\"\"  data-rotate=\"0\"  data-saveperformance=\"off\"  data-title=\"001\" data-param1=\"\" data-param2=\"\" data-param3=\"\" data-param4=\"\" data-param5=\"\" data-param6=\"\" data-param7=\"\" data-param8=\"\" data-param9=\"\" data-param10=\"\" data-description=\"\">\n\t\t<!-- MAIN IMAGE -->\n\t\t<img src=\"https:\/\/ingridlibra.com\/wpx\/wp-content\/plugins\/revslider\/admin\/assets\/images\/transparent.png\"  alt=\"\" title=\"AdobeStock_147636665.jpeg\"  width=\"5618\" height=\"3745\" data-bgposition=\"center center\" data-bgfit=\"cover\" data-bgrepeat=\"no-repeat\" class=\"rev-slidebg\" data-no-retina>\n\t\t<!-- LAYERS -->\n\t<\/li>\n<\/ul>\n<div style=\"\" class=\"tp-static-layers tp-static-layers-back\">\n\n\t\t<!-- LAYER NR. 1 -->\n\t\t<div class=\"tp-caption   fullscreenvideo  disabled_lc tp-static-layer tp-videolayer\" \n\t\t\t id=\"slider-13-layer-26\" \n\t\t\t data-x=\"0\" \n\t\t\t data-y=\"0\" \n\t\t\t\t\t\tdata-whitespace=\"nowrap\"\n\t\t\tdata-visibility=\"['on','on','on','off']\"\n \n\t\t\tdata-type=\"video\" \n\t\t\tdata-responsive_offset=\"off\" \n\n\t\t\tdata-startslide=\"0\" \n\t\t\tdata-endslide=\"0\" \n\t\t\tdata-frames='[{\"delay\":10,\"speed\":1000,\"frame\":\"0\",\"from\":\"opacity:0;\",\"to\":\"o:1;\",\"ease\":\"Power3.easeInOut\"},{\"delay\":\"wait\",\"speed\":1000,\"frame\":\"999\",\"to\":\"opacity:0;\",\"ease\":\"Power3.easeInOut\"}]'\n data-exitfullscreenonpause=\"off\" data-videocontrols=\"none\" data-videowidth=\"100%\" data-videoheight=\"100%\" data-videoposter=\"https:\/\/ingridlibra.com\/wpx\/wp-content\/uploads\/2018\/10\/LIBRA_Slider_BG_static.png\" data-videoogv=\"https:\/\/ingridlibra.com\/wpx\/wp-content\/uploads\/2018\/10\/LIBRA_Slider_BG_01B.ogv\" data-videowebm=\"https:\/\/ingridlibra.com\/wpx\/wp-content\/uploads\/2018\/10\/LIBRA_Slider_BG_01B.webm\" data-videomp4=\"https:\/\/ingridlibra.com\/wpx\/wp-content\/uploads\/2018\/10\/LIBRA_Slider_BG_01B.mp4\" data-noposteronmobile=\"off\" data-videopreload=\"none\" data-videoloop=\"loopandnoslidestop\" data-forceCover=\"1\" data-aspectratio=\"16:9\"\t\t\tdata-textAlign=\"['inherit','inherit','inherit','inherit']\"\n\t\t\tdata-paddingtop=\"[0,0,0,0]\"\n\t\t\tdata-paddingright=\"[0,0,0,0]\"\n\t\t\tdata-paddingbottom=\"[0,0,0,0]\"\n\t\t\tdata-paddingleft=\"[0,0,0,0]\"\n\t\t\tdata-autoplay=\"on\" \n\t\t\tdata-volume=\"mute\"\t\t\tdata-allowfullscreenvideo=\"true\" \n\n\t\t\tstyle=\"z-index: 5;background-color:#ff0000 !important;\"> <\/div>\n\n\t\t<!-- LAYER NR. 2 -->\n\t\t<div class=\"tp-caption  tp-no-events tp-shape tp-shapewrapper  tp-resizeme tp-static-layer\" \n\t\t\t id=\"slider-13-layer-32\" \n\t\t\t data-x=\"['left','left','left','left']\" data-hoffset=\"['0','0','0','0']\" \n\t\t\t data-y=\"['top','top','top','top']\" data-voffset=\"['0','0','0','0']\" \n\t\t\t\t\t\tdata-width=\"full\"\n\t\t\tdata-height=\"full\"\n\t\t\tdata-whitespace=\"nowrap\"\n \n\t\t\tdata-type=\"shape\" \n\t\t\tdata-basealign=\"slide\" \n\t\t\tdata-responsive_offset=\"on\" \n\n\t\t\tdata-startslide=\"0\" \n\t\t\tdata-endslide=\"0\" \n\t\t\tdata-frames='[{\"delay\":1020,\"speed\":1500,\"frame\":\"0\",\"from\":\"opacity:0;\",\"to\":\"o:1;\",\"ease\":\"Power3.easeInOut\"},{\"delay\":\"wait\",\"speed\":1000,\"frame\":\"999\",\"to\":\"opacity:0;\",\"ease\":\"Power3.easeInOut\"}]'\n\t\t\tdata-textAlign=\"['inherit','inherit','inherit','inherit']\"\n\t\t\tdata-paddingtop=\"[0,0,0,0]\"\n\t\t\tdata-paddingright=\"[0,0,0,0]\"\n\t\t\tdata-paddingbottom=\"[0,0,0,0]\"\n\t\t\tdata-paddingleft=\"[0,0,0,0]\"\n\n\t\t\tstyle=\"z-index: 6;background-color:rgba(0,0,0,0.2);pointer-events:none;\"> <\/div>\n<\/div>\n<div class=\"tp-bannertimer tp-bottom\" style=\"visibility: hidden !important;\"><\/div>\t<\/div>\n<script>var htmlDiv = document.getElementById(\"rs-plugin-settings-inline-css\"); var htmlDivCss=\"\";\n\t\t\t\tif(htmlDiv) {\n\t\t\t\t\thtmlDiv.innerHTML = htmlDiv.innerHTML + htmlDivCss;\n\t\t\t\t}else{\n\t\t\t\t\tvar htmlDiv = document.createElement(\"div\");\n\t\t\t\t\thtmlDiv.innerHTML = \"<style>\" + htmlDivCss + \"<\/style>\";\n\t\t\t\t\tdocument.getElementsByTagName(\"head\")[0].appendChild(htmlDiv.childNodes[0]);\n\t\t\t\t}\n\t\t\t<\/script>\n\t\t<script type=\"text\/javascript\">\nif (setREVStartSize!==undefined) setREVStartSize(\n\t{c: '#rev_slider_13_1', responsiveLevels: [1240,1024,778,480], gridwidth: [3840,1024,768,320], gridheight: [260,260,260,260], sliderLayout: 'fullwidth', minHeight:'172'});\n\t\t\t\nvar revapi13,\n\ttpj;\t\n(function() {\t\t\t\n\tif (!\/loaded|interactive|complete\/.test(document.readyState)) document.addEventListener(\"DOMContentLoaded\",onLoad); else onLoad();\t\n\tfunction onLoad() {\t\t\t\t\n\t\tif (tpj===undefined) { tpj = jQuery; if(\"off\" == \"on\") tpj.noConflict();}\n\tif(tpj(\"#rev_slider_13_1\").revolution == undefined){\n\t\trevslider_showDoubleJqueryError(\"#rev_slider_13_1\");\n\t}else{\n\t\trevapi13 = tpj(\"#rev_slider_13_1\").show().revolution({\n\t\t\tsliderType:\"standard\",\n\t\t\tjsFileLocation:\"\/\/ingridlibra.com\/wpx\/wp-content\/plugins\/revslider\/public\/assets\/js\/\",\n\t\t\tsliderLayout:\"fullwidth\",\n\t\t\tdottedOverlay:\"none\",\n\t\t\tdelay:9000,\n\t\t\tnavigation: {\n\t\t\t\tkeyboardNavigation:\"on\",\n\t\t\t\tkeyboard_direction: \"horizontal\",\n\t\t\t\tmouseScrollNavigation:\"off\",\n \t\t\t\t\t\t\tmouseScrollReverse:\"default\",\n\t\t\t\tonHoverStop:\"off\",\n\t\t\t\ttouch:{\n\t\t\t\t\ttouchenabled:\"on\",\n\t\t\t\t\ttouchOnDesktop:\"off\",\n\t\t\t\t\tswipe_threshold: 75,\n\t\t\t\t\tswipe_min_touches: 1,\n\t\t\t\t\tswipe_direction: \"horizontal\",\n\t\t\t\t\tdrag_block_vertical: false\n\t\t\t\t}\n\t\t\t},\n\t\t\tresponsiveLevels:[1240,1024,778,480],\n\t\t\tvisibilityLevels:[1240,1024,778,480],\n\t\t\tgridwidth:[3840,1024,768,320],\n\t\t\tgridheight:[260,260,260,260],\n\t\t\tlazyType:\"none\",\n\t\t\tminHeight:\"172\",\n\t\t\tshadow:0,\n\t\t\tspinner:\"off\",\n\t\t\tstopLoop:\"off\",\n\t\t\tstopAfterLoops:-1,\n\t\t\tstopAtSlide:-1,\n\t\t\tshuffle:\"off\",\n\t\t\tautoHeight:\"off\",\n\t\t\tdisableProgressBar:\"on\",\n\t\t\thideThumbsOnMobile:\"off\",\n\t\t\thideSliderAtLimit:0,\n\t\t\thideCaptionAtLimit:0,\n\t\t\thideAllCaptionAtLilmit:0,\n\t\t\tdebugMode:false,\n\t\t\tfallbacks: {\n\t\t\t\tsimplifyAll:\"off\",\n\t\t\t\tnextSlideOnWindowFocus:\"off\",\n\t\t\t\tdisableFocusListener:false,\n\t\t\t}\n\t\t});\n\t}; \/* END OF revapi call *\/\n\t\n }; \/* END OF ON LOAD FUNCTION *\/\n}()); \/* END OF WRAPPING FUNCTION *\/\n<\/script>\n\t\t<\/div><!-- END REVOLUTION SLIDER -->\n\t\n\t\t<div class=\"fw-block-image-parent  \"  style=\"width: 100%; \">\n\t\t\t<span class=\"fw-block-image-child fw-noratio fw-ratio-container\">\n\t\t\t\t<noscript itemscope itemtype=\"https:\/\/schema.org\/ImageObject\" itemprop=\"image\"><img src=\"https:\/\/ingridlibra.com\/wpx\/wp-content\/uploads\/2018\/09\/gold2white_half.jpg\"  alt=\"gold2white_half\" data-maxdpr=\"1.7\" class=\"lazyload\" \/><meta itemprop=\"url\" content=\"https:\/\/ingridlibra.com\/wpx\/wp-content\/uploads\/2018\/09\/gold2white_half.jpg\"><meta itemprop=\"width\" content=\"4000\"><meta itemprop=\"height\" content=\"20\"><\/noscript><img src=\"data:image\/gif;base64,R0lGODlhAQABAIAAAAAAAP\/\/\/yH5BAEAAAAALAAAAAABAAEAAAIBRAA7\" data-sizes=\"auto\" data-srcset=\"https:\/\/ingridlibra.com\/wpx\/wp-content\/uploads\/2018\/09\/gold2white_half.jpg\"   alt=\"gold2white_half\" data-maxdpr=\"1.7\" class=\"lazyload\" \/><span class=\"fw-after-no-ratio\" style=\"padding-bottom: 0.5%\"><\/span>\t\t\t\t\t\t\t<\/span>\n\t\t<\/div>\n\n\t\n\t\t<\/div>\n\t<\/div>\n<\/div><\/div>\n\n<div class=\"fw-row\">\n\t<div id=\"column-6a0955e7d659f\" class=\"fw-col-sm-12 fw-desktop-hide-element fw-tablet-landscape-hide-element tf-sh-c2cc933d56657f3c4c7e21428fc86916\" >\n\t<div class=\"fw-wrap-col-inner clearfix  \"   >\n\t\t\t\t<div class=\"fw-col-inner\">\n\t\t\t\t<div  class=\"fw-divider tf-sh-9bcc7bb9a28e48852c44bac78923efb3  fw-divider-align-center fw-divider-full-width fw-divider-space clearfix space-lg  fw_theme_border_only_fw-custom\"  style=\"width: auto;  \" ><\/div>\n\t\t<\/div>\n\t<\/div>\n<\/div><\/div>\n\n\t<\/div>\n\t<\/section><section   class=\"fw-main-row-custom fw-section-no-padding  auto  fw-section-position-back tf-sh-074a5fe0bd6549327276da44f3965198\"    >\n\t\t\t<div class=\"fw-container\" style=\"background-color:#ffffff;\">\n\t\t<div class=\"fw-row\">\n\t<div id=\"column-6a0955e7d698c\" class=\"fw-col-sm-12 tf-sh-55fa988ad09f51da0d311792dbe30f24\" >\n\t<div class=\"fw-wrap-col-inner clearfix  \"   >\n\t\t\t\t<div class=\"fw-col-inner\">\n\t\t\t\t<div  class=\"fw-divider tf-sh-4040c0ebf3e95abb04eabfd82c3d6953  fw-mobile-hide-element fw-divider-align-center fw-divider-full-width fw-divider-space clearfix space-md \"  style=\"width: auto;  border-color:#cacaca;\" ><\/div>\n\t\t<\/div>\n\t<\/div>\n<\/div><\/div>\n\n<div class=\"fw-row\">\n\t<div id=\"column-6a0955e7d6bd7\" class=\"fw-col-sm-12 tf-sh-3bfb5ce3d8279b055e39a0a58c84fcae\" >\n\t<div class=\"fw-wrap-col-inner clearfix  \"   >\n\t\t\t\t<div class=\"fw-col-inner\">\n\t\t\t<div class=\"fw-text-box tf-sh-4b1acc01df94657b64934a0bf98a4812 page-title\" >\n\t<div class=\"fw-text-inner\">\n\t\t<p style=\"text-align: center;\">METODO LIBRA<span style=\"vertical-align: top; line-height: 40px; font-size: 25%;\">\u00ae<\/span><\/p>\n\t<\/div>\n<\/div>\t<div  class=\"fw-divider tf-sh-3b1ac37ff3eb046b5850c17e4c72b7c8  fw-mobile-hide-element fw-divider-align-center fw-divider-full-width fw-divider-space clearfix  \"  style=\"width: auto; padding-top:15px; margin-bottom:0px; border-color:#cacaca;\" ><\/div>\n<div class=\"fw-text-box tf-sh-7cf844f61cd4e604bc7c66400f0c3077 \" >\n\t<div class=\"fw-text-inner\">\n\t\t<p style=\"text-align: center;\">Il mio metodo per migliorare l'equilibrio e il benessere personale<\/p>\n\t<\/div>\n<\/div>\t<div  class=\"fw-divider tf-sh-a46efafd2aa52ab3e3e8ae2b0c6fc044  fw-divider-align-center fw-divider-full-width fw-divider-space clearfix  \"  style=\"width: auto; padding-top:3px; margin-bottom:0px; border-color:#cacaca;\" ><\/div>\n<div class=\"fw-text-box tf-sh-aaa83a725e8584b182fb64f8ee0a16b1 \" >\n\t<div class=\"fw-text-inner\">\n\t\t<p style=\"text-align: center; text-transform: uppercase;\">Trattamenti e corsi di crescita personale e formazione professionale<\/p>\n\t<\/div>\n<\/div>\t<div  class=\"fw-divider tf-sh-93ab58ece9491301e254f6ccc0cbc439  fw-mobile-hide-element fw-divider-align-center fw-divider-full-width fw-divider-space clearfix space-md \"  style=\"width: auto;  border-color:#cacaca;\" ><\/div>\n\t<div  class=\"fw-divider tf-sh-f42bd93a2e706e148a02b1a965b902fc  fw-desktop-hide-element fw-tablet-landscape-hide-element fw-tablet-hide-element fw-divider-align-center fw-divider-full-width fw-divider-space clearfix space-sm \"  style=\"width: auto;  border-color:#cacaca;\" ><\/div>\n<div class=\"fw-text-box tf-sh-8380e55159f5cc12f8e3f23056e65c84  fw-tablet-hide-element fw-mobile-hide-element\" >\n\t<div class=\"fw-text-inner\">\n\t\t<p style=\"text-align: center;\"><a href=\"https:\/\/ingridlibra.com\/wpx\/metodo-libra\/emf-balancing\/\"><span style=\"font-weight: 300; color: #000;\">EMF Balancing<\/span><\/a>\u00a0 \u00a0 |\u00a0 \u00a0\u00a0<a href=\"https:\/\/ingridlibra.com\/wpx\/metodo-libra\/riflessi\/\"><span style=\"font-weight: 300; color: #000;\">Riflessi<\/span><\/a>\u00a0 \u00a0 |\u00a0 \u00a0 <a href=\"https:\/\/ingridlibra.com\/wpx\/metodo-libra\/stargate\/\"><span style=\"font-weight: 300; color: #000;\">Stargate<\/span><\/a>\u00a0 \u00a0 |\u00a0 \u00a0 <a href=\"https:\/\/ingridlibra.com\/wpx\/metodo-libra\/p.a.c.e.\/\"><span style=\"font-weight: 300; color: #000;\">P.A.C.E.<\/span><\/a>\u00a0 \u00a0 |\u00a0 \u00a0 <a href=\"https:\/\/ingridlibra.com\/wpx\/metodo-libra\/thetahealing\/\"><span style=\"font-weight: 300; color: #000;\">ThetaHealing<\/span><\/a>\u00a0 \u00a0 |\u00a0 \u00a0 <a href=\"https:\/\/ingridlibra.com\/wpx\/metodo-libra\/aura-soma\/\"><span style=\"font-weight: 300; color: #000;\">Aura Soma<\/span><\/a>\u00a0 \u00a0 |\u00a0 \u00a0 <a href=\"https:\/\/ingridlibra.com\/wpx\/metodo-libra\/seminari-webinar\/\"><span style=\"font-weight: 300; color: #000;\">Seminari e Webinar<\/span><\/a><\/p>\n\t<\/div>\n<\/div><div class=\"fw-text-box tf-sh-1c94a76d28763f03bad27d2bb0486cc9  fw-desktop-hide-element fw-tablet-landscape-hide-element\" >\n\t<div class=\"fw-text-inner\">\n\t\t<p style=\"text-align: center;\"><a href=\"https:\/\/ingridlibra.com\/wpx\/metodo-libra\/emf-balancing\/\"><span style=\"font-weight: 300; color: #000;\">EMF Balancing<\/span><\/a><\/p>\n<p style=\"text-align: center;\"><a href=\"https:\/\/ingridlibra.com\/wpx\/metodo-libra\/riflessi\/\"><span style=\"font-weight: 300; color: #000;\">Riflessi<\/span><\/a><\/p>\n<p style=\"text-align: center;\"><a href=\"https:\/\/ingridlibra.com\/wpx\/metodo-libra\/stargate\/\"><span style=\"font-weight: 300; color: #000;\">Stargate<\/span><\/a><\/p>\n<p style=\"text-align: center;\"><a href=\"https:\/\/ingridlibra.com\/wpx\/metodo-libra\/p.a.c.e.\/\"><span style=\"font-weight: 300; color: #000;\">P.A.C.E.<\/span><\/a><\/p>\n<p style=\"text-align: center;\"><a href=\"https:\/\/ingridlibra.com\/wpx\/metodo-libra\/thetahealing\/\"><span style=\"font-weight: 300; color: #000;\">ThetaHealing<\/span><\/a><\/p>\n<p style=\"text-align: center;\"><a href=\"https:\/\/ingridlibra.com\/wpx\/metodo-libra\/aura-soma\/\"><span style=\"font-weight: 300; color: #000;\">Aura Soma<\/span><\/a><\/p>\n<p style=\"text-align: center;\"><a href=\"https:\/\/ingridlibra.com\/wpx\/metodo-libra\/seminari-webinar\/\"><span style=\"font-weight: 300; color: #000;\">Seminari e Webinar<\/span><\/a><\/p>\n\t<\/div>\n<\/div>\t<div  class=\"fw-divider tf-sh-f8bc96bd61fe74e96a17a6c5d88d213c  fw-mobile-hide-element fw-divider-align-center fw-divider-full-width fw-divider-space clearfix space-md \"  style=\"width: auto;  border-color:#cacaca;\" ><\/div>\n\t\t<\/div>\n\t<\/div>\n<\/div><\/div>\n\n<div class=\"fw-row\">\n\t<div id=\"column-6a0955e7d7359\" class=\"fw-col-sm-12 tf-sh-95c743cd7d03ab40ad413fe668cfc7f5\" >\n\t<div class=\"fw-wrap-col-inner clearfix  \"   >\n\t\t\t\t<div class=\"fw-col-inner\">\n\t\t\t<div class=\"fw-text-box tf-sh-6042912b65b3c728c23065d3ea673536 \" >\n\t<div class=\"fw-text-inner\">\n\t\t<p style=\"text-align: left;\">RIFLESSI<span style=\"vertical-align: top; line-height: 20px; font-size: 40%;\">\u00ae<\/span><\/p>\n\t<\/div>\n<\/div>\t<div  class=\"fw-divider tf-sh-f08d9d80b51fe387591f6592d80b59ef  fw-divider-align-center fw-divider-full-width fw-divider-space clearfix space-sm \"  style=\"width: auto;  border-color:#cacaca;\" ><\/div>\n<div class=\"fw-text-box tf-sh-6d37953f32bfd5da07ca1cd5d96bc6ac mini-block\" >\n\t<div class=\"fw-text-inner\">\n\t\t<p>Riflessi\u00ae \u00e8 una semplice e geniale tecnica che permette di co-creare il proprio intento, desiderio, sogno con estrema chiarezza e concentrazione. Con Riflessi diventeremo pi\u00f9 consapevoli di come usiamo la nostra energia personale e potremo sentirla o percepirla, mentre si ridistribuisce e si rimodella dentro di noi, seguendo il modello energetico registrato all'interno del proprio DNA.<\/p>\n<p>La parola 'co-creare' significa 'creare con' la partnership dell'Universo, Dio, il Creatore, o chiunque noi crediamo possa esserci accanto a noi, e dunque con Riflessi 'collaboreremo' con questa parte saggia e divina.<br \/>La parola 'intento' deriva dal latino, significa 'proteso verso' e dunque indica qualcosa che si trova davanti a noi e perci\u00f2 fortemente collegato al campo dei potenziali, al futuro.<\/p>\n<p>L'intento pu\u00f2 essere rivolto verso qualcosa di spirituale o di materiale, pu\u00f2 essere usato per migliorare la nostra salute, le nostre relazioni, il nostro lavoro.<\/p>\n<p>Nel co-creare il proprio intento personale, porteremo una specifica attenzione alle parole che useremo, in modo da rendere chiaro, preciso e efficace l'intento stesso. Saranno le parole stesse che amplificheranno il nostro desiderio e faranno da calamita verso ci\u00f2 che sta nel nostro cuore. Al contempo, dedicheremo del tempo a riflettere quello che possiamo fare e essere per attirare l'oggetto del nostro desiderio, lasceremo andare i blocchi del passato e ci concentreremo invece sulle qualit\u00e0 che ci contraddistinguono e poi focalizzeremo l'energia verso ci\u00f2 che potremmo ricevere in pi\u00f9, una volta co-creato il nostro intento.<\/p>\n<p>Riflessi \u00e8 un potente strumento che utilizza in maniera armonica la legge dell'attrazione, amplificando l'energia in accordo con la vostra saggezza interiore. Durante la seduta della durata di un'ora, riceverete anche un amorevole e potente riallineamento, per rendere pi\u00f9 rapido il processo di manifestazione dell'intento.<\/p>\n<p>Questa tecnica \u00e8 una 'costola' dell'EMF e si collega all'energia dello UCL, il reticolo energetico che ci circonda, amplificando e rafforzando una maggior interezza, un forte radicamento e l'espansione dell'intelligenza del vostro cuore.<\/p>\n<p>Per diventare Facilitatore di Riflessi, segui il corso intensivo di un giorno.<br \/>Trovi la data nel <a href=\"https:\/\/ingridlibra.com\/wpx\/corsi\/\">Calendario Corsi<\/a>.<\/p>\n\t<\/div>\n<\/div>\t\t<\/div>\n\t<\/div>\n<\/div><\/div>\n\n<div class=\"fw-row\">\n\t<div id=\"column-6a0955e7d768e\" class=\"fw-col-sm-12 tf-sh-fdc1aedeff37af1f4b19761462e19493\" >\n\t<div class=\"fw-wrap-col-inner clearfix  \"   >\n\t\t\t\t<div class=\"fw-col-inner\">\n\t\t\t\t<div  class=\"fw-divider tf-sh-589135305ead4d9fd6fc0f01997162ab  fw-mobile-hide-element fw-divider-align-center fw-divider-full-width fw-divider-space clearfix space-md \"  style=\"width: auto;  border-color:#cacaca;\" ><\/div>\n<div class=\"fw-text-box tf-sh-7afe50f6ba612a3c8d3019d086678e61 mini-block\" >\n\t<div class=\"fw-text-inner\">\n\t\t<p><a href=\"https:\/\/ingridlibra.com\/wpx\/corsi\/\">VAI ALLA PAGINA CORSI<\/a><\/p>\n\t<\/div>\n<\/div>\t\t<\/div>\n\t<\/div>\n<\/div><\/div>\n\n\t<\/div>\n\t<\/section><section   class=\"fw-main-row  auto  fw-section-position-back\"    >\n\t\t\t<div class=\"fw-container\" >\n\t\t<div class=\"fw-row\">\n\t<div id=\"column-6a0955e7d79f0\" class=\"fw-col-sm-12 tf-sh-55fa988ad09f51da0d311792dbe30f24\" >\n\t<div class=\"fw-wrap-col-inner clearfix  \"   >\n\t\t\t\t<div class=\"fw-col-inner\">\n\t\t\t\t<div  class=\"fw-divider tf-sh-e06c69dd1c00a2275711c2f070023018  fw-tablet-hide-element fw-mobile-hide-element fw-divider-align-center fw-divider-full-width fw-divider-space clearfix space-sm \"  style=\"width: auto;  border-color:#cacaca;\" ><\/div>\n\t\t<\/div>\n\t<\/div>\n<\/div><\/div>\n\n\t<\/div>\n\t<\/section><\/p>\n","protected":false},"excerpt":{"rendered":"<p>METODO LIBRA\u00ae Il mio metodo per migliorare l&#8217;equilibrio e il benessere personale Trattamenti e corsi di crescita personale e formazione professionale EMF Balancing\u00a0 \u00a0 |\u00a0 \u00a0\u00a0Riflessi\u00a0 \u00a0 |\u00a0 \u00a0 Stargate\u00a0 \u00a0 |\u00a0 \u00a0 P.A.C.E.\u00a0 \u00a0 |\u00a0 \u00a0 ThetaHealing\u00a0 \u00a0 |\u00a0 \u00a0 Aura Soma\u00a0 \u00a0 |\u00a0 \u00a0 Seminari e Webinar EMF Balancing Riflessi Stargate P.A.C.E. ThetaHealing [&hellip;]<\/p>\n","protected":false},"author":2,"featured_media":0,"parent":6506,"menu_order":32,"comment_status":"closed","ping_status":"closed","template":"visual-builder-template.php","meta":[],"_links":{"self":[{"href":"https:\/\/ingridlibra.com\/wpx\/wp-json\/wp\/v2\/pages\/6664"}],"collection":[{"href":"https:\/\/ingridlibra.com\/wpx\/wp-json\/wp\/v2\/pages"}],"about":[{"href":"https:\/\/ingridlibra.com\/wpx\/wp-json\/wp\/v2\/types\/page"}],"author":[{"embeddable":true,"href":"https:\/\/ingridlibra.com\/wpx\/wp-json\/wp\/v2\/users\/2"}],"replies":[{"embeddable":true,"href":"https:\/\/ingridlibra.com\/wpx\/wp-json\/wp\/v2\/comments?post=6664"}],"version-history":[{"count":16,"href":"https:\/\/ingridlibra.com\/wpx\/wp-json\/wp\/v2\/pages\/6664\/revisions"}],"predecessor-version":[{"id":7168,"href":"https:\/\/ingridlibra.com\/wpx\/wp-json\/wp\/v2\/pages\/6664\/revisions\/7168"}],"up":[{"embeddable":true,"href":"https:\/\/ingridlibra.com\/wpx\/wp-json\/wp\/v2\/pages\/6506"}],"wp:attachment":[{"href":"https:\/\/ingridlibra.com\/wpx\/wp-json\/wp\/v2\/media?parent=6664"}],"curies":[{"name":"wp","href":"https:\/\/api.w.org\/{rel}","templated":true}]}}